{"id":408,"date":"2020-11-07T02:03:01","date_gmt":"2020-11-07T02:03:01","guid":{"rendered":"https:\/\/www.axonpublicidad.cl\/?post_type=product&#038;p=408"},"modified":"2020-11-07T02:03:01","modified_gmt":"2020-11-07T02:03:01","slug":"pendrive-4gb-puntero-touch","status":"publish","type":"product","link":"https:\/\/www.axonpublicidad.cl\/?product=pendrive-4gb-puntero-touch","title":{"rendered":"Pendrive 4GB Puntero Touch"},"content":{"rendered":"<h2>Pendrive 4GB Puntero Touch<\/h2>\n<p>Pen Drive met\u00e1lico de 4 GB de capacidad, con puntero Touch-Screen y cord\u00f3n para colgar. Presentaci\u00f3n en estuche de Aluminio con ventana.<\/p>\n","protected":false},"excerpt":{"rendered":"<p><img decoding=\"async\" src=\"https:\/\/www.axonpublicidad.cl\/wp-content\/uploads\/2020\/10\/Webpay-webservices-prestashop-150x150.png\" \/><\/p>\n","protected":false},"featured_media":410,"comment_status":"closed","ping_status":"closed","template":"","meta":{"_et_pb_use_builder":"","_et_pb_old_content":"","_et_gb_content_width":""},"product_cat":[24],"product_tag":[],"_links":{"self":[{"href":"https:\/\/www.axonpublicidad.cl\/index.php?rest_route=\/wp\/v3\/product\/408"}],"collection":[{"href":"https:\/\/www.axonpublicidad.cl\/index.php?rest_route=\/wp\/v3\/product"}],"about":[{"href":"https:\/\/www.axonpublicidad.cl\/index.php?rest_route=\/wp\/v2\/types\/product"}],"replies":[{"embeddable":true,"href":"https:\/\/www.axonpublicidad.cl\/index.php?rest_route=%2Fwp%2Fv2%2Fcomments&post=408"}],"wp:featuredmedia":[{"embeddable":true,"href":"https:\/\/www.axonpublicidad.cl\/index.php?rest_route=\/wp\/v2\/media\/410"}],"wp:attachment":[{"href":"https:\/\/www.axonpublicidad.cl\/index.php?rest_route=%2Fwp%2Fv2%2Fmedia&parent=408"}],"wp:term":[{"taxonomy":"product_cat","embeddable":true,"href":"https:\/\/www.axonpublicidad.cl\/index.php?rest_route=%2Fwp%2Fv2%2Fproduct_cat&post=408"},{"taxonomy":"product_tag","embeddable":true,"href":"https:\/\/www.axonpublicidad.cl\/index.php?rest_route=%2Fwp%2Fv2%2Fproduct_tag&post=408"}],"curies":[{"name":"wp","href":"https:\/\/api.w.org\/{rel}","templated":true}]}}