{"id":383,"date":"2020-11-07T01:46:08","date_gmt":"2020-11-07T01:46:08","guid":{"rendered":"https:\/\/www.axonpublicidad.cl\/?post_type=product&#038;p=383"},"modified":"2020-11-07T01:46:08","modified_gmt":"2020-11-07T01:46:08","slug":"pendrive-16gb","status":"publish","type":"product","link":"https:\/\/www.axonpublicidad.cl\/?product=pendrive-16gb","title":{"rendered":"Pendrive 16GB"},"content":{"rendered":"<h2>Pendrive 16GB<\/h2>\n<p>USB Pendrive con carcasa met\u00e1lica de giro, de 16 GB de capacidad. Presentaci\u00f3n en caja de PVC trasl\u00facido.<\/p>\n","protected":false},"excerpt":{"rendered":"<p><img decoding=\"async\" loading=\"lazy\" class=\"alignnone size-thumbnail wp-image-166\" src=\"https:\/\/www.axonpublicidad.cl\/wp-content\/uploads\/2020\/10\/Webpay-webservices-prestashop-150x150.png\" alt=\"\" width=\"150\" height=\"150\" \/><\/p>\n","protected":false},"featured_media":370,"comment_status":"closed","ping_status":"closed","template":"","meta":{"_et_pb_use_builder":"","_et_pb_old_content":"","_et_gb_content_width":""},"product_cat":[24],"product_tag":[],"_links":{"self":[{"href":"https:\/\/www.axonpublicidad.cl\/index.php?rest_route=\/wp\/v3\/product\/383"}],"collection":[{"href":"https:\/\/www.axonpublicidad.cl\/index.php?rest_route=\/wp\/v3\/product"}],"about":[{"href":"https:\/\/www.axonpublicidad.cl\/index.php?rest_route=\/wp\/v2\/types\/product"}],"replies":[{"embeddable":true,"href":"https:\/\/www.axonpublicidad.cl\/index.php?rest_route=%2Fwp%2Fv2%2Fcomments&post=383"}],"wp:featuredmedia":[{"embeddable":true,"href":"https:\/\/www.axonpublicidad.cl\/index.php?rest_route=\/wp\/v2\/media\/370"}],"wp:attachment":[{"href":"https:\/\/www.axonpublicidad.cl\/index.php?rest_route=%2Fwp%2Fv2%2Fmedia&parent=383"}],"wp:term":[{"taxonomy":"product_cat","embeddable":true,"href":"https:\/\/www.axonpublicidad.cl\/index.php?rest_route=%2Fwp%2Fv2%2Fproduct_cat&post=383"},{"taxonomy":"product_tag","embeddable":true,"href":"https:\/\/www.axonpublicidad.cl\/index.php?rest_route=%2Fwp%2Fv2%2Fproduct_tag&post=383"}],"curies":[{"name":"wp","href":"https:\/\/api.w.org\/{rel}","templated":true}]}}