{"id":378,"date":"2020-11-07T01:44:36","date_gmt":"2020-11-07T01:44:36","guid":{"rendered":"https:\/\/www.axonpublicidad.cl\/?post_type=product&#038;p=378"},"modified":"2020-11-23T22:30:35","modified_gmt":"2020-11-23T22:30:35","slug":"pendrive-2gb-credit-card","status":"publish","type":"product","link":"https:\/\/www.axonpublicidad.cl\/?product=pendrive-2gb-credit-card","title":{"rendered":"Pendrive 2GB Credit Card"},"content":{"rendered":"<h2>Pendrive 2GB Credit Card<\/h2>\n<p>USB Pen Drive tama\u00f1o Tarjeta de Cr\u00e9dito, ideal para usar como Tarjeta de Presentaci\u00f3n. Para llevar en bolsillos, billeteras, etc. Amplia superficie de impresi\u00f3n. Presentaci\u00f3n en estuche de PVC trasl\u00facido.<\/p>\n","protected":false},"excerpt":{"rendered":"<p><img decoding=\"async\" loading=\"lazy\" class=\"alignnone size-thumbnail wp-image-166\" src=\"https:\/\/www.axonpublicidad.cl\/wp-content\/uploads\/2020\/10\/Webpay-webservices-prestashop-150x150.png\" alt=\"\" width=\"150\" height=\"150\" \/><\/p>\n<a href='https:\/\/www.axonpublicidad.cl\/?page_id=528' class='small-button smallsilver'>Cotizar<\/a>\n","protected":false},"featured_media":379,"comment_status":"closed","ping_status":"closed","template":"","meta":{"_et_pb_use_builder":"","_et_pb_old_content":"","_et_gb_content_width":""},"product_cat":[24],"product_tag":[],"_links":{"self":[{"href":"https:\/\/www.axonpublicidad.cl\/index.php?rest_route=\/wp\/v3\/product\/378"}],"collection":[{"href":"https:\/\/www.axonpublicidad.cl\/index.php?rest_route=\/wp\/v3\/product"}],"about":[{"href":"https:\/\/www.axonpublicidad.cl\/index.php?rest_route=\/wp\/v2\/types\/product"}],"replies":[{"embeddable":true,"href":"https:\/\/www.axonpublicidad.cl\/index.php?rest_route=%2Fwp%2Fv2%2Fcomments&post=378"}],"wp:featuredmedia":[{"embeddable":true,"href":"https:\/\/www.axonpublicidad.cl\/index.php?rest_route=\/wp\/v2\/media\/379"}],"wp:attachment":[{"href":"https:\/\/www.axonpublicidad.cl\/index.php?rest_route=%2Fwp%2Fv2%2Fmedia&parent=378"}],"wp:term":[{"taxonomy":"product_cat","embeddable":true,"href":"https:\/\/www.axonpublicidad.cl\/index.php?rest_route=%2Fwp%2Fv2%2Fproduct_cat&post=378"},{"taxonomy":"product_tag","embeddable":true,"href":"https:\/\/www.axonpublicidad.cl\/index.php?rest_route=%2Fwp%2Fv2%2Fproduct_tag&post=378"}],"curies":[{"name":"wp","href":"https:\/\/api.w.org\/{rel}","templated":true}]}}