{"id":209,"date":"2020-10-17T19:22:23","date_gmt":"2020-10-17T19:22:23","guid":{"rendered":"https:\/\/www.axonpublicidad.cl\/?post_type=product&#038;p=209"},"modified":"2020-10-17T19:22:24","modified_gmt":"2020-10-17T19:22:24","slug":"boligrafo-ejecutivo-bamboo","status":"publish","type":"product","link":"https:\/\/www.axonpublicidad.cl\/?product=boligrafo-ejecutivo-bamboo","title":{"rendered":"Bol\u00edgrafo Ejecutivo Bamboo"},"content":{"rendered":"<p>&nbsp;<\/p>\n<table id=\"mitabla\" border=\"0\" width=\"100%\" cellspacing=\"3\" cellpadding=\"3\">\n<tbody>\n<tr>\n<td valign=\"middle\" width=\"22%\" height=\"18\">Tama\u00f1o:<\/td>\n<td valign=\"middle\" width=\"78%\">13.5 x \u00d8 1.2 cm.<\/td>\n<\/tr>\n<tr>\n<td valign=\"middle\" width=\"22%\" height=\"18\">Peso:<\/td>\n<td valign=\"middle\" width=\"78%\">18 grs.<\/td>\n<\/tr>\n<tr>\n<td valign=\"middle\" width=\"22%\" height=\"18\">Colores:<\/td>\n<td valign=\"middle\" width=\"78%\">Madera (12).<\/td>\n<\/tr>\n<tr>\n<td valign=\"middle\" width=\"22%\" height=\"18\"><\/td>\n<td valign=\"middle\" width=\"78%\"><\/td>\n<\/tr>\n<tr>\n<td valign=\"middle\" width=\"22%\" height=\"18\">Escritura:<\/td>\n<td valign=\"middle\" width=\"78%\">Azul<\/td>\n<\/tr>\n<\/tbody>\n<\/table>\n","protected":false},"excerpt":{"rendered":"<h2>Bol\u00edgrafo Ejecutivo Bamboo<\/h2>\n<p>Bol\u00edgrafo Ejecutivo de Madera de Bamb\u00fa, con terminales negro opaco. Refill pl\u00e1stico parker type. Escritura azul. Presentaci\u00f3n individual en Estuche de Cart\u00f3n plisado negro.<\/p>\n<ul>\n<li>el valor correspondes a 50 unidades impresas<\/li>\n<\/ul>\n<p><img decoding=\"async\" loading=\"lazy\" class=\"alignnone size-thumbnail wp-image-166\" src=\"https:\/\/www.axonpublicidad.cl\/wp-content\/uploads\/2020\/10\/Webpay-webservices-prestashop-150x150.png\" alt=\"\" width=\"150\" height=\"150\" \/><\/p>\n","protected":false},"featured_media":211,"comment_status":"closed","ping_status":"closed","template":"","meta":{"_et_pb_use_builder":"","_et_pb_old_content":"","_et_gb_content_width":""},"product_cat":[20],"product_tag":[],"_links":{"self":[{"href":"https:\/\/www.axonpublicidad.cl\/index.php?rest_route=\/wp\/v3\/product\/209"}],"collection":[{"href":"https:\/\/www.axonpublicidad.cl\/index.php?rest_route=\/wp\/v3\/product"}],"about":[{"href":"https:\/\/www.axonpublicidad.cl\/index.php?rest_route=\/wp\/v2\/types\/product"}],"replies":[{"embeddable":true,"href":"https:\/\/www.axonpublicidad.cl\/index.php?rest_route=%2Fwp%2Fv2%2Fcomments&post=209"}],"wp:featuredmedia":[{"embeddable":true,"href":"https:\/\/www.axonpublicidad.cl\/index.php?rest_route=\/wp\/v2\/media\/211"}],"wp:attachment":[{"href":"https:\/\/www.axonpublicidad.cl\/index.php?rest_route=%2Fwp%2Fv2%2Fmedia&parent=209"}],"wp:term":[{"taxonomy":"product_cat","embeddable":true,"href":"https:\/\/www.axonpublicidad.cl\/index.php?rest_route=%2Fwp%2Fv2%2Fproduct_cat&post=209"},{"taxonomy":"product_tag","embeddable":true,"href":"https:\/\/www.axonpublicidad.cl\/index.php?rest_route=%2Fwp%2Fv2%2Fproduct_tag&post=209"}],"curies":[{"name":"wp","href":"https:\/\/api.w.org\/{rel}","templated":true}]}}