{"id":204,"date":"2020-10-17T19:16:27","date_gmt":"2020-10-17T19:16:27","guid":{"rendered":"https:\/\/www.axonpublicidad.cl\/?post_type=product&#038;p=204"},"modified":"2020-10-17T19:16:28","modified_gmt":"2020-10-17T19:16:28","slug":"set-boligrafo-estuche-de-bamboo","status":"publish","type":"product","link":"https:\/\/www.axonpublicidad.cl\/?product=set-boligrafo-estuche-de-bamboo","title":{"rendered":"Set Bol\u00edgrafo Estuche de Bamboo"},"content":{"rendered":"<table id=\"mitabla\" border=\"0\" width=\"100%\" cellspacing=\"3\" cellpadding=\"3\">\n<tbody>\n<tr>\n<td valign=\"middle\" width=\"22%\" height=\"18\">Tama\u00f1o:<\/td>\n<td valign=\"middle\" width=\"78%\">Bol\u00ed\u00adgrafo 14.5 x \u00d8 1 cm \/ Estuche 17.2 x 5.5 x 2.3 cm.<\/td>\n<\/tr>\n<tr>\n<td valign=\"middle\" width=\"22%\" height=\"18\">Colores:<\/td>\n<td valign=\"middle\" width=\"78%\">Madera (12).<\/td>\n<\/tr>\n<tr>\n<td valign=\"middle\" width=\"22%\" height=\"18\"><\/td>\n<td valign=\"middle\" width=\"78%\"><\/td>\n<\/tr>\n<tr>\n<td valign=\"middle\" width=\"22%\" height=\"18\">Escritura:<\/td>\n<td valign=\"middle\" width=\"78%\">Negro<\/td>\n<\/tr>\n<\/tbody>\n<\/table>\n","protected":false},"excerpt":{"rendered":"<h2>Set Bol\u00edgrafo Estuche de Bamboo<\/h2>\n<p>Set Bol\u00edgrafo Ejecutivo de Madera de Bamboo, con terminales plateados. Refill pl\u00e1stico parker type. Escritura negra. Incluye elegante Estuche de Bamboo s\u00f3lido. Presentaci\u00f3n individual en caja de cartulina reciclada color natural.<\/p>\n<ul>\n<li>el valor correspondes a 50 unidades impresas<\/li>\n<\/ul>\n<p><img decoding=\"async\" loading=\"lazy\" class=\"alignnone size-thumbnail wp-image-166\" src=\"https:\/\/www.axonpublicidad.cl\/wp-content\/uploads\/2020\/10\/Webpay-webservices-prestashop-150x150.png\" alt=\"\" width=\"150\" height=\"150\" \/><\/p>\n","protected":false},"featured_media":205,"comment_status":"closed","ping_status":"closed","template":"","meta":{"_et_pb_use_builder":"","_et_pb_old_content":"","_et_gb_content_width":""},"product_cat":[20],"product_tag":[],"_links":{"self":[{"href":"https:\/\/www.axonpublicidad.cl\/index.php?rest_route=\/wp\/v3\/product\/204"}],"collection":[{"href":"https:\/\/www.axonpublicidad.cl\/index.php?rest_route=\/wp\/v3\/product"}],"about":[{"href":"https:\/\/www.axonpublicidad.cl\/index.php?rest_route=\/wp\/v2\/types\/product"}],"replies":[{"embeddable":true,"href":"https:\/\/www.axonpublicidad.cl\/index.php?rest_route=%2Fwp%2Fv2%2Fcomments&post=204"}],"wp:featuredmedia":[{"embeddable":true,"href":"https:\/\/www.axonpublicidad.cl\/index.php?rest_route=\/wp\/v2\/media\/205"}],"wp:attachment":[{"href":"https:\/\/www.axonpublicidad.cl\/index.php?rest_route=%2Fwp%2Fv2%2Fmedia&parent=204"}],"wp:term":[{"taxonomy":"product_cat","embeddable":true,"href":"https:\/\/www.axonpublicidad.cl\/index.php?rest_route=%2Fwp%2Fv2%2Fproduct_cat&post=204"},{"taxonomy":"product_tag","embeddable":true,"href":"https:\/\/www.axonpublicidad.cl\/index.php?rest_route=%2Fwp%2Fv2%2Fproduct_tag&post=204"}],"curies":[{"name":"wp","href":"https:\/\/api.w.org\/{rel}","templated":true}]}}