{"id":144,"date":"2020-10-15T00:43:44","date_gmt":"2020-10-15T00:43:44","guid":{"rendered":"https:\/\/www.axonpublicidad.cl\/?post_type=product&#038;p=144"},"modified":"2020-11-05T14:05:17","modified_gmt":"2020-11-05T14:05:17","slug":"boligrafo-plastico-wind-stella","status":"publish","type":"product","link":"https:\/\/www.axonpublicidad.cl\/?product=boligrafo-plastico-wind-stella","title":{"rendered":"Bol\u00edgrafo Pl\u00e1stico Wind Color"},"content":{"rendered":"<p>&nbsp;<\/p>\n<div class=\"contenedor_tab\">\n<div id=\"tab2\" class=\"contenido_tab\">\n<table id=\"mitabla\" border=\"0\" width=\"100%\" cellspacing=\"3\" cellpadding=\"3\">\n<tbody>\n<tr>\n<td valign=\"middle\" width=\"22%\" height=\"18\">Tama\u00f1o:<\/td>\n<td valign=\"middle\" width=\"78%\">14 x \u00d8 1.2 cm.<\/td>\n<\/tr>\n<tr>\n<td valign=\"middle\" width=\"22%\" height=\"18\">Peso:<\/td>\n<td valign=\"middle\" width=\"78%\">14 grs.<\/td>\n<\/tr>\n<tr>\n<td valign=\"middle\" width=\"22%\" height=\"18\">Colores:<\/td>\n<td valign=\"middle\" width=\"78%\">Blanco Trasl\u00facido (01), Azul Trasl\u00facido (02), Rojo Trasl\u00facido (03), Naranjo Trasl\u00facido (04), Amarillo Trasl\u00facido (05), Verde Trasl\u00facido (06), Negro S\u00f3lido (08), Morado Trasl\u00facido (25).<\/td>\n<\/tr>\n<tr>\n<td valign=\"middle\" width=\"22%\" height=\"18\"><\/td>\n<td valign=\"middle\" width=\"78%\"><\/td>\n<\/tr>\n<tr>\n<td valign=\"middle\" width=\"22%\" height=\"18\">Escritura:<\/td>\n<td valign=\"middle\" width=\"78%\">Azul<\/td>\n<\/tr>\n<\/tbody>\n<\/table>\n<\/div>\n<\/div>\n","protected":false},"excerpt":{"rendered":"<h2>Bol\u00edgrafo Pl\u00e1stico Wind Color<\/h2>\n<p>Bol\u00edgrafo pl\u00e1stico blanco s\u00f3lido, modelo \u00abWind Stella\u00bb. Escritura Azul.<\/p>\n<p>50 UNIDADES<\/p>\n<p><img decoding=\"async\" loading=\"lazy\" class=\"alignleft\" src=\"https:\/\/prestachile.cl\/wp-content\/uploads\/2017\/02\/Webpay-webservices-prestashop.png\" alt=\"WEBPay plus\" width=\"153\" height=\"102\" \/><\/p>\n","protected":false},"featured_media":153,"comment_status":"closed","ping_status":"closed","template":"","meta":{"_et_pb_use_builder":"","_et_pb_old_content":"","_et_gb_content_width":""},"product_cat":[19],"product_tag":[],"_links":{"self":[{"href":"https:\/\/www.axonpublicidad.cl\/index.php?rest_route=\/wp\/v3\/product\/144"}],"collection":[{"href":"https:\/\/www.axonpublicidad.cl\/index.php?rest_route=\/wp\/v3\/product"}],"about":[{"href":"https:\/\/www.axonpublicidad.cl\/index.php?rest_route=\/wp\/v2\/types\/product"}],"replies":[{"embeddable":true,"href":"https:\/\/www.axonpublicidad.cl\/index.php?rest_route=%2Fwp%2Fv2%2Fcomments&post=144"}],"wp:featuredmedia":[{"embeddable":true,"href":"https:\/\/www.axonpublicidad.cl\/index.php?rest_route=\/wp\/v2\/media\/153"}],"wp:attachment":[{"href":"https:\/\/www.axonpublicidad.cl\/index.php?rest_route=%2Fwp%2Fv2%2Fmedia&parent=144"}],"wp:term":[{"taxonomy":"product_cat","embeddable":true,"href":"https:\/\/www.axonpublicidad.cl\/index.php?rest_route=%2Fwp%2Fv2%2Fproduct_cat&post=144"},{"taxonomy":"product_tag","embeddable":true,"href":"https:\/\/www.axonpublicidad.cl\/index.php?rest_route=%2Fwp%2Fv2%2Fproduct_tag&post=144"}],"curies":[{"name":"wp","href":"https:\/\/api.w.org\/{rel}","templated":true}]}}